{"id":128,"date":"2021-05-13T16:54:50","date_gmt":"2021-05-13T14:54:50","guid":{"rendered":"https:\/\/cellereragalan.cat\/?post_type=product&#038;p=128"},"modified":"2021-08-13T17:44:24","modified_gmt":"2021-08-13T15:44:24","slug":"merlot","status":"publish","type":"product","link":"https:\/\/cellereragalan.cat\/index.php\/producte\/merlot\/","title":{"rendered":"Merlot"},"content":{"rendered":"<p>Ampolla de 75 cl.<\/p>\n<p>En vista es presenta vermell rob\u00ed, molt viu.<br \/>\nEn nas es presenta amb aromes a fruites negres i vermelles de maduixes prunes i m\u00f3res conjugats amb les aromes de la crian\u00e7a com d&#8217;esp\u00e8cies, torrats, xocolata. <span class=\"hiddenGreenError\">En<\/span> boca es presenta rod\u00f3 i elegant, mel\u00f3s amb tocs de cacau. Post gust persistent i agradable.<\/p>\n","protected":false},"excerpt":{"rendered":"<p>Ampolla de 75 cl. En vista es presenta vermell rob\u00ed, molt viu. En nas es presenta amb aromes a fruites &hellip; <\/p>\n","protected":false},"featured_media":129,"comment_status":"open","ping_status":"closed","template":"","meta":[],"product_brand":[],"product_cat":[23],"product_tag":[22],"class_list":{"0":"post-128","1":"product","2":"type-product","3":"status-publish","4":"has-post-thumbnail","6":"product_cat-vi-de-crianca","7":"product_tag-produccio-ecologica","9":"first","10":"instock","11":"taxable","12":"shipping-taxable","13":"purchasable","14":"product-type-simple"},"_links":{"self":[{"href":"https:\/\/cellereragalan.cat\/index.php\/wp-json\/wp\/v2\/product\/128","targetHints":{"allow":["GET"]}}],"collection":[{"href":"https:\/\/cellereragalan.cat\/index.php\/wp-json\/wp\/v2\/product"}],"about":[{"href":"https:\/\/cellereragalan.cat\/index.php\/wp-json\/wp\/v2\/types\/product"}],"replies":[{"embeddable":true,"href":"https:\/\/cellereragalan.cat\/index.php\/wp-json\/wp\/v2\/comments?post=128"}],"wp:featuredmedia":[{"embeddable":true,"href":"https:\/\/cellereragalan.cat\/index.php\/wp-json\/wp\/v2\/media\/129"}],"wp:attachment":[{"href":"https:\/\/cellereragalan.cat\/index.php\/wp-json\/wp\/v2\/media?parent=128"}],"wp:term":[{"taxonomy":"product_brand","embeddable":true,"href":"https:\/\/cellereragalan.cat\/index.php\/wp-json\/wp\/v2\/product_brand?post=128"},{"taxonomy":"product_cat","embeddable":true,"href":"https:\/\/cellereragalan.cat\/index.php\/wp-json\/wp\/v2\/product_cat?post=128"},{"taxonomy":"product_tag","embeddable":true,"href":"https:\/\/cellereragalan.cat\/index.php\/wp-json\/wp\/v2\/product_tag?post=128"}],"curies":[{"name":"wp","href":"https:\/\/api.w.org\/{rel}","templated":true}]}}