{"id":123,"date":"2021-05-13T15:00:13","date_gmt":"2021-05-13T13:00:13","guid":{"rendered":"https:\/\/cellereragalan.cat\/?post_type=product&#038;p=123"},"modified":"2021-08-07T18:41:47","modified_gmt":"2021-08-07T16:41:47","slug":"arbequina","status":"publish","type":"product","link":"https:\/\/cellereragalan.cat\/index.php\/producte\/arbequina\/","title":{"rendered":"Arbequina"},"content":{"rendered":"<p>Ampolla de vidre de 50 cl.<\/p>\n<p>En boca \u00e9s for\u00e7a dol\u00e7, amb punta de picant suau, un amarg perceptible i astring\u00e8ncia molt lleu en boca. Aromes secund\u00e0ries de tipus vegetal, amb connotacions clares d\u2019herba tallada, tocs de fulles, o notes fonoll o carxofa o verdures d\u2019hivern, aix\u00ed com tocs clars d\u2019ametlla, tocs de nou verda o pl\u00e0tan madur, que li defineixen la dol\u00e7or agradable en boca. El conjunt resulta un oli dol\u00e7.<\/p>\n","protected":false},"excerpt":{"rendered":"<p>Aquest producte es ven en caixes de 6 ampolles<\/p>\n","protected":false},"featured_media":120,"comment_status":"open","ping_status":"closed","template":"","meta":[],"product_brand":[],"product_cat":[24],"product_tag":[22],"class_list":{"0":"post-123","1":"product","2":"type-product","3":"status-publish","4":"has-post-thumbnail","6":"product_cat-oli-verge-extra","7":"product_tag-produccio-ecologica","9":"first","10":"instock","11":"taxable","12":"shipping-taxable","13":"purchasable","14":"product-type-simple"},"_links":{"self":[{"href":"https:\/\/cellereragalan.cat\/index.php\/wp-json\/wp\/v2\/product\/123","targetHints":{"allow":["GET"]}}],"collection":[{"href":"https:\/\/cellereragalan.cat\/index.php\/wp-json\/wp\/v2\/product"}],"about":[{"href":"https:\/\/cellereragalan.cat\/index.php\/wp-json\/wp\/v2\/types\/product"}],"replies":[{"embeddable":true,"href":"https:\/\/cellereragalan.cat\/index.php\/wp-json\/wp\/v2\/comments?post=123"}],"wp:featuredmedia":[{"embeddable":true,"href":"https:\/\/cellereragalan.cat\/index.php\/wp-json\/wp\/v2\/media\/120"}],"wp:attachment":[{"href":"https:\/\/cellereragalan.cat\/index.php\/wp-json\/wp\/v2\/media?parent=123"}],"wp:term":[{"taxonomy":"product_brand","embeddable":true,"href":"https:\/\/cellereragalan.cat\/index.php\/wp-json\/wp\/v2\/product_brand?post=123"},{"taxonomy":"product_cat","embeddable":true,"href":"https:\/\/cellereragalan.cat\/index.php\/wp-json\/wp\/v2\/product_cat?post=123"},{"taxonomy":"product_tag","embeddable":true,"href":"https:\/\/cellereragalan.cat\/index.php\/wp-json\/wp\/v2\/product_tag?post=123"}],"curies":[{"name":"wp","href":"https:\/\/api.w.org\/{rel}","templated":true}]}}