{"id":114,"date":"2021-05-13T14:28:25","date_gmt":"2021-05-13T12:28:25","guid":{"rendered":"https:\/\/cellereragalan.cat\/?post_type=product&#038;p=114"},"modified":"2021-08-07T20:07:11","modified_gmt":"2021-08-07T18:07:11","slug":"pinot-noir","status":"publish","type":"product","link":"https:\/\/cellereragalan.cat\/index.php\/producte\/pinot-noir\/","title":{"rendered":"Pinot Noir"},"content":{"rendered":"<p>Ampolla de 75 cl.<\/p>\n<p>\u00c9s un vi molt fi d&#8217;estructura tanins baixa, poca astring\u00e8ncia i molt perfumat, de cos mitj\u00e0 i sensacions refinades i subtils en boca. Notes de canyella, regal\u00e8ssia i fons de nou moscada.<br \/>\nEn boca franc, lleuger i delicat per\u00f2 estructurat amb un sabor molt subtil, fresc i amb matisos afruitats de gerds, mores i groselles amb un final llarg i persistent amb marcada expressi\u00f3 a vainilla i cuir.<\/p>\n","protected":false},"excerpt":{"rendered":"<p>Aquest producte es ven en caixes de 6 ampolles<\/p>\n","protected":false},"featured_media":115,"comment_status":"open","ping_status":"closed","template":"","meta":[],"product_brand":[],"product_cat":[23],"product_tag":[22],"class_list":{"0":"post-114","1":"product","2":"type-product","3":"status-publish","4":"has-post-thumbnail","6":"product_cat-vi-de-crianca","7":"product_tag-produccio-ecologica","9":"first","10":"instock","11":"taxable","12":"shipping-taxable","13":"purchasable","14":"product-type-simple"},"_links":{"self":[{"href":"https:\/\/cellereragalan.cat\/index.php\/wp-json\/wp\/v2\/product\/114","targetHints":{"allow":["GET"]}}],"collection":[{"href":"https:\/\/cellereragalan.cat\/index.php\/wp-json\/wp\/v2\/product"}],"about":[{"href":"https:\/\/cellereragalan.cat\/index.php\/wp-json\/wp\/v2\/types\/product"}],"replies":[{"embeddable":true,"href":"https:\/\/cellereragalan.cat\/index.php\/wp-json\/wp\/v2\/comments?post=114"}],"wp:featuredmedia":[{"embeddable":true,"href":"https:\/\/cellereragalan.cat\/index.php\/wp-json\/wp\/v2\/media\/115"}],"wp:attachment":[{"href":"https:\/\/cellereragalan.cat\/index.php\/wp-json\/wp\/v2\/media?parent=114"}],"wp:term":[{"taxonomy":"product_brand","embeddable":true,"href":"https:\/\/cellereragalan.cat\/index.php\/wp-json\/wp\/v2\/product_brand?post=114"},{"taxonomy":"product_cat","embeddable":true,"href":"https:\/\/cellereragalan.cat\/index.php\/wp-json\/wp\/v2\/product_cat?post=114"},{"taxonomy":"product_tag","embeddable":true,"href":"https:\/\/cellereragalan.cat\/index.php\/wp-json\/wp\/v2\/product_tag?post=114"}],"curies":[{"name":"wp","href":"https:\/\/api.w.org\/{rel}","templated":true}]}}