{"id":112,"date":"2021-05-13T14:25:11","date_gmt":"2021-05-13T12:25:11","guid":{"rendered":"https:\/\/cellereragalan.cat\/?post_type=product&#038;p=112"},"modified":"2021-08-07T19:08:40","modified_gmt":"2021-08-07T17:08:40","slug":"chardonnay","status":"publish","type":"product","link":"https:\/\/cellereragalan.cat\/index.php\/producte\/chardonnay\/","title":{"rendered":"Chardonnay"},"content":{"rendered":"<p>Ampolla de 75 cl.<\/p>\n<p>De color groc pall\u00f3s i fines ll\u00e0grimes glic\u00e8riques. Te una elegant intensitat, fruita ex\u00f2tica madura i frescos c\u00edtrics. Agradables torrats i records de fruits secs. Un bon conjunt d&#8217;esp\u00e8cies i notes l\u00e0ctiques li atorguen una suau cremositat. En boca: amb un pas envolupant i amb volum. Crem\u00f3s i sabor\u00f3s, retorn de la fruita, amb pres\u00e8ncia dels c\u00edtrics, notes florals i amb els fumats de fons. Excel\u00b7lent acidesa, amb un persistent final molt agradable.<\/p>\n","protected":false},"excerpt":{"rendered":"<p>Aquest producte es ven en caixes de 6 ampolles<\/p>\n","protected":false},"featured_media":113,"comment_status":"open","ping_status":"closed","template":"","meta":[],"product_brand":[],"product_cat":[23],"product_tag":[22],"class_list":{"0":"post-112","1":"product","2":"type-product","3":"status-publish","4":"has-post-thumbnail","6":"product_cat-vi-de-crianca","7":"product_tag-produccio-ecologica","9":"first","10":"instock","11":"taxable","12":"shipping-taxable","13":"purchasable","14":"product-type-simple"},"_links":{"self":[{"href":"https:\/\/cellereragalan.cat\/index.php\/wp-json\/wp\/v2\/product\/112","targetHints":{"allow":["GET"]}}],"collection":[{"href":"https:\/\/cellereragalan.cat\/index.php\/wp-json\/wp\/v2\/product"}],"about":[{"href":"https:\/\/cellereragalan.cat\/index.php\/wp-json\/wp\/v2\/types\/product"}],"replies":[{"embeddable":true,"href":"https:\/\/cellereragalan.cat\/index.php\/wp-json\/wp\/v2\/comments?post=112"}],"wp:featuredmedia":[{"embeddable":true,"href":"https:\/\/cellereragalan.cat\/index.php\/wp-json\/wp\/v2\/media\/113"}],"wp:attachment":[{"href":"https:\/\/cellereragalan.cat\/index.php\/wp-json\/wp\/v2\/media?parent=112"}],"wp:term":[{"taxonomy":"product_brand","embeddable":true,"href":"https:\/\/cellereragalan.cat\/index.php\/wp-json\/wp\/v2\/product_brand?post=112"},{"taxonomy":"product_cat","embeddable":true,"href":"https:\/\/cellereragalan.cat\/index.php\/wp-json\/wp\/v2\/product_cat?post=112"},{"taxonomy":"product_tag","embeddable":true,"href":"https:\/\/cellereragalan.cat\/index.php\/wp-json\/wp\/v2\/product_tag?post=112"}],"curies":[{"name":"wp","href":"https:\/\/api.w.org\/{rel}","templated":true}]}}